{"id":147,"date":"2025-06-09T13:30:06","date_gmt":"2025-06-09T13:30:06","guid":{"rendered":"https:\/\/sana-therapie.de\/?page_id=147"},"modified":"2025-06-09T16:50:54","modified_gmt":"2025-06-09T16:50:54","slug":"impressum","status":"publish","type":"page","link":"https:\/\/sana-therapie.de\/index.php\/impressum\/","title":{"rendered":"Impressum"},"content":{"rendered":"\t\t<div data-elementor-type=\"wp-page\" data-elementor-id=\"147\" class=\"elementor elementor-147\" data-elementor-post-type=\"page\">\n\t\t\t\t<div class=\"elementor-element elementor-element-8312a81 e-grid e-con-boxed e-con e-parent\" data-id=\"8312a81\" data-element_type=\"container\" data-settings=\"{&quot;background_background&quot;:&quot;gradient&quot;}\">\n\t\t\t\t\t<div class=\"e-con-inner\">\n\t\t\t\t\t<\/div>\n\t\t\t\t<\/div>\n\t\t<div class=\"elementor-element elementor-element-f8b0a0f e-flex e-con-boxed e-con e-parent\" data-id=\"f8b0a0f\" data-element_type=\"container\">\n\t\t\t\t\t<div class=\"e-con-inner\">\n\t\t\t\t<div class=\"elementor-element elementor-element-c593ccb elementor-widget elementor-widget-heading\" data-id=\"c593ccb\" data-element_type=\"widget\" data-widget_type=\"heading.default\">\n\t\t\t\t<div class=\"elementor-widget-container\">\n\t\t\t\t\t<h2 class=\"elementor-heading-title elementor-size-default\">Impressum<\/h2>\t\t\t\t<\/div>\n\t\t\t\t<\/div>\n\t\t\t\t<div class=\"elementor-element elementor-element-72479c8 elementor-widget elementor-widget-text-editor\" data-id=\"72479c8\" data-element_type=\"widget\" data-widget_type=\"text-editor.default\">\n\t\t\t\t<div class=\"elementor-widget-container\">\n\t\t\t\t\t\t\t\t\t<p>Angaben gem\u00e4\u00df \u00a7\u202f5 TMG<\/p>\n<p><b>Praxisname:<br><\/b>Sana Therapie<\/p><p><b>Inhaberin:<br><\/b>Julia Kirchner<\/p><p><b>Berufsbezeichnung:<br><\/b>Physiotherapeutin (verliehen in Deutschland)<\/p><p><b>Zusatztitel:<br><\/b><span style=\"font-size: 1rem;\">Heilpraktikerin f\u00fcr Physiotherapie (Deutschland)<\/span><\/p><p><b>Adresse:<br><\/b>Andechser Stra\u00dfe 33,<br>82319 Starnberg-S\u00f6cking<\/p><p><b>Telefon:<br><\/b>0152 \/ 59656742<\/p><p><b>E-Mail:<br><\/b>hello@sana-therapie.de<\/p>\n<p><b>Zust\u00e4ndige Aufsichtsbeh\u00f6rde:<\/b><br>Gesundheitsamt Starnberg,<br>Strandbadstra\u00dfe 5,<br>82319 Starnberg<\/p>\n<p><b>Berufsrechtliche Regelungen:<\/b><br>Es gelten die Regelungen des MPhG (Masseur- und Physiotherapeutengesetz) sowie die Durchf\u00fchrungsverordnungen des Landes Bayern.<\/p>\n<p><b>Mitgliedschaft im Berufsverband:<\/b><br>Mitglied im Verband der Osteopathen Deutschland e.V. (VOD)<\/p>\n<p><b>Berufshaftpflichtversicherung:<\/b><br><b>Versichert bei:<br><\/b>Allianz Versicherungs-AG<br>K\u00f6niginstra\u00dfe 28,<br>80802 M\u00fcnchen<\/p><p><b>Geltungsbereich:<\/b><br>Deutschland<\/p>\n<p><b>Haftungsausschluss \/ Disclaimer:<\/b><br>Die Inhalte dieser Website dienen ausschlie\u00dflich der Information. Sie ersetzen keine pers\u00f6nliche Beratung oder Behandlung durch medizinisches Fachpersonal.<\/p>\n<p><b>Umsatzsteuer:<\/b><br>Gem\u00e4\u00df \u00a7\u202f4 Nr.\u202f14 UStG von der Umsatzsteuer befreit.<\/p>\t\t\t\t\t\t\t\t<\/div>\n\t\t\t\t<\/div>\n\t\t\t\t\t<\/div>\n\t\t\t\t<\/div>\n\t\t\t\t<\/div>\n\t\t","protected":false},"excerpt":{"rendered":"<p>Impressum Angaben gem\u00e4\u00df \u00a7\u202f5 TMG Praxisname:Sana Therapie Inhaberin:Julia Kirchner Berufsbezeichnung:Physiotherapeutin (verliehen in Deutschland) Zusatztitel:Heilpraktikerin f\u00fcr Physiotherapie (Deutschland) Adresse:Andechser Stra\u00dfe 33,82319 Starnberg-S\u00f6cking Telefon:0152 \/ 59656742 E-Mail:hello@sana-therapie.de Zust\u00e4ndige Aufsichtsbeh\u00f6rde:Gesundheitsamt Starnberg,Strandbadstra\u00dfe 5,82319 Starnberg Berufsrechtliche Regelungen:Es gelten die Regelungen des MPhG (Masseur- und Physiotherapeutengesetz) sowie die Durchf\u00fchrungsverordnungen des Landes Bayern. Mitgliedschaft im Berufsverband:Mitglied im Verband der Osteopathen Deutschland e.V. [&hellip;]<\/p>\n","protected":false},"author":1,"featured_media":0,"parent":0,"menu_order":0,"comment_status":"closed","ping_status":"closed","template":"elementor_header_footer","meta":{"footnotes":""},"class_list":["post-147","page","type-page","status-publish","hentry"],"_links":{"self":[{"href":"https:\/\/sana-therapie.de\/index.php\/wp-json\/wp\/v2\/pages\/147","targetHints":{"allow":["GET"]}}],"collection":[{"href":"https:\/\/sana-therapie.de\/index.php\/wp-json\/wp\/v2\/pages"}],"about":[{"href":"https:\/\/sana-therapie.de\/index.php\/wp-json\/wp\/v2\/types\/page"}],"author":[{"embeddable":true,"href":"https:\/\/sana-therapie.de\/index.php\/wp-json\/wp\/v2\/users\/1"}],"replies":[{"embeddable":true,"href":"https:\/\/sana-therapie.de\/index.php\/wp-json\/wp\/v2\/comments?post=147"}],"version-history":[{"count":7,"href":"https:\/\/sana-therapie.de\/index.php\/wp-json\/wp\/v2\/pages\/147\/revisions"}],"predecessor-version":[{"id":237,"href":"https:\/\/sana-therapie.de\/index.php\/wp-json\/wp\/v2\/pages\/147\/revisions\/237"}],"wp:attachment":[{"href":"https:\/\/sana-therapie.de\/index.php\/wp-json\/wp\/v2\/media?parent=147"}],"curies":[{"name":"wp","href":"https:\/\/api.w.org\/{rel}","templated":true}]}}