{"id":10,"date":"2025-01-29T03:53:25","date_gmt":"2025-01-29T03:53:25","guid":{"rendered":"https:\/\/sana-therapie.de\/?page_id=10"},"modified":"2025-06-09T20:16:10","modified_gmt":"2025-06-09T20:16:10","slug":"home","status":"publish","type":"page","link":"https:\/\/sana-therapie.de\/","title":{"rendered":"Home"},"content":{"rendered":"\t\t<div data-elementor-type=\"wp-page\" data-elementor-id=\"10\" class=\"elementor elementor-10\" data-elementor-post-type=\"page\">\n\t\t\t\t<div class=\"elementor-element elementor-element-4e59d99 e-con-full e-flex e-con e-parent\" data-id=\"4e59d99\" data-element_type=\"container\" data-settings=\"{&quot;background_background&quot;:&quot;gradient&quot;}\">\n\t\t<div class=\"elementor-element elementor-element-185a950 e-grid e-con-boxed e-con e-child\" data-id=\"185a950\" data-element_type=\"container\">\n\t\t\t\t\t<div class=\"e-con-inner\">\n\t\t\t\t<div class=\"elementor-element elementor-element-6426243 elementor-widget elementor-widget-image\" data-id=\"6426243\" data-element_type=\"widget\" data-widget_type=\"image.default\">\n\t\t\t\t<div class=\"elementor-widget-container\">\n\t\t\t\t\t\t\t\t\t\t\t\t\t\t\t<img fetchpriority=\"high\" decoding=\"async\" width=\"500\" height=\"633\" src=\"https:\/\/sana-therapie.de\/wp-content\/uploads\/2025\/01\/sana-therapie-logo.webp\" class=\"attachment-medium_large size-medium_large wp-image-22\" alt=\"\" srcset=\"https:\/\/sana-therapie.de\/wp-content\/uploads\/2025\/01\/sana-therapie-logo.webp 500w, https:\/\/sana-therapie.de\/wp-content\/uploads\/2025\/01\/sana-therapie-logo-237x300.webp 237w\" sizes=\"(max-width: 500px) 100vw, 500px\" \/>\t\t\t\t\t\t\t\t\t\t\t\t\t\t\t<\/div>\n\t\t\t\t<\/div>\n\t\t\t\t\t<\/div>\n\t\t\t\t<\/div>\n\t\t\t\t<\/div>\n\t\t<div class=\"elementor-element elementor-element-834e423 e-flex e-con-boxed e-con e-parent\" data-id=\"834e423\" data-element_type=\"container\">\n\t\t\t\t\t<div class=\"e-con-inner\">\n\t\t<div class=\"elementor-element elementor-element-fb98df9 e-con-full e-flex e-con e-child\" data-id=\"fb98df9\" data-element_type=\"container\">\n\t\t\t\t<div class=\"elementor-element elementor-element-c13d106 elementor-widget elementor-widget-heading\" data-id=\"c13d106\" data-element_type=\"widget\" data-widget_type=\"heading.default\">\n\t\t\t\t<div class=\"elementor-widget-container\">\n\t\t\t\t\t<h1 class=\"elementor-heading-title elementor-size-default\">Privat Praxis f\u00fcr\nganzheitliche Therapie<\/h1>\t\t\t\t<\/div>\n\t\t\t\t<\/div>\n\t\t\t\t<div class=\"elementor-element elementor-element-13b1d2c elementor-widget elementor-widget-text-editor\" data-id=\"13b1d2c\" data-element_type=\"widget\" data-widget_type=\"text-editor.default\">\n\t\t\t\t<div class=\"elementor-widget-container\">\n\t\t\t\t\t\t\t\t\t<h2>Physiotherapie<br \/>Manuelle- und Craniosacrale<br \/>Techniken aus der<br \/>Osteopathie<\/h2>\t\t\t\t\t\t\t\t<\/div>\n\t\t\t\t<\/div>\n\t\t\t\t<\/div>\n\t\t<div class=\"elementor-element elementor-element-2b2aa8a e-con-full e-flex e-con e-child\" data-id=\"2b2aa8a\" data-element_type=\"container\">\n\t\t\t\t<div class=\"elementor-element elementor-element-456dda4 elementor-widget elementor-widget-text-editor\" data-id=\"456dda4\" data-element_type=\"widget\" data-widget_type=\"text-editor.default\">\n\t\t\t\t<div class=\"elementor-widget-container\">\n\t\t\t\t\t\t\t\t\t<p>\u201eWeil Wohlbefinden dort beginnt, wo man sich gesehen, geh\u00f6rt und gehalten f\u00fchlt.\u201c<\/p>\t\t\t\t\t\t\t\t<\/div>\n\t\t\t\t<\/div>\n\t\t\t\t<\/div>\n\t\t\t\t\t<\/div>\n\t\t\t\t<\/div>\n\t\t<div class=\"elementor-element elementor-element-37cde2f e-flex e-con-boxed e-con e-parent\" data-id=\"37cde2f\" data-element_type=\"container\">\n\t\t\t\t\t<div class=\"e-con-inner\">\n\t\t\t\t<div class=\"elementor-element elementor-element-cbe6abc elementor-widget elementor-widget-image\" data-id=\"cbe6abc\" data-element_type=\"widget\" data-widget_type=\"image.default\">\n\t\t\t\t<div class=\"elementor-widget-container\">\n\t\t\t\t\t\t\t\t\t\t\t\t\t\t\t<img decoding=\"async\" width=\"800\" height=\"534\" src=\"https:\/\/sana-therapie.de\/wp-content\/uploads\/2025\/06\/image00001-1024x683.jpg\" class=\"attachment-large size-large wp-image-80\" alt=\"\" srcset=\"https:\/\/sana-therapie.de\/wp-content\/uploads\/2025\/06\/image00001-1024x683.jpg 1024w, https:\/\/sana-therapie.de\/wp-content\/uploads\/2025\/06\/image00001-300x200.jpg 300w, https:\/\/sana-therapie.de\/wp-content\/uploads\/2025\/06\/image00001-768x512.jpg 768w, https:\/\/sana-therapie.de\/wp-content\/uploads\/2025\/06\/image00001-1536x1024.jpg 1536w, https:\/\/sana-therapie.de\/wp-content\/uploads\/2025\/06\/image00001-2048x1366.jpg 2048w\" sizes=\"(max-width: 800px) 100vw, 800px\" \/>\t\t\t\t\t\t\t\t\t\t\t\t\t\t\t<\/div>\n\t\t\t\t<\/div>\n\t\t\t\t<div class=\"elementor-element elementor-element-3a80b05 elementor-widget elementor-widget-heading\" data-id=\"3a80b05\" data-element_type=\"widget\" data-widget_type=\"heading.default\">\n\t\t\t\t<div class=\"elementor-widget-container\">\n\t\t\t\t\t<h1 class=\"elementor-heading-title elementor-size-default\">Das sind wir - <\/br>\n Julia und Charline<\/h1>\t\t\t\t<\/div>\n\t\t\t\t<\/div>\n\t\t\t\t<div class=\"elementor-element elementor-element-938e85b elementor-widget elementor-widget-text-editor\" data-id=\"938e85b\" data-element_type=\"widget\" data-widget_type=\"text-editor.default\">\n\t\t\t\t<div class=\"elementor-widget-container\">\n\t\t\t\t\t\t\t\t\t<p><em>Als eingespieltes Team schaffen wir Raum f\u00fcr Vertrauen, Ver\u00e4nderung und neue Leichtigkeit.<\/em><\/p>\t\t\t\t\t\t\t\t<\/div>\n\t\t\t\t<\/div>\n\t\t\t\t\t<\/div>\n\t\t\t\t<\/div>\n\t\t<div class=\"elementor-element elementor-element-9acb0a8 e-flex e-con-boxed e-con e-parent\" data-id=\"9acb0a8\" data-element_type=\"container\">\n\t\t\t\t\t<div class=\"e-con-inner\">\n\t\t\t\t<div class=\"elementor-element elementor-element-9cb55a8 elementor-widget elementor-widget-heading\" data-id=\"9cb55a8\" data-element_type=\"widget\" data-widget_type=\"heading.default\">\n\t\t\t\t<div class=\"elementor-widget-container\">\n\t\t\t\t\t<h1 class=\"elementor-heading-title elementor-size-default\">Das ist unsere Praxis - ein Ort zum Wohlf\u00fchlen<\/h1>\t\t\t\t<\/div>\n\t\t\t\t<\/div>\n\t\t<div class=\"elementor-element elementor-element-617652c e-con-full e-grid e-con e-child\" data-id=\"617652c\" data-element_type=\"container\">\n\t\t\t\t<div class=\"elementor-element elementor-element-61809a8 elementor-widget elementor-widget-image\" data-id=\"61809a8\" data-element_type=\"widget\" data-widget_type=\"image.default\">\n\t\t\t\t<div class=\"elementor-widget-container\">\n\t\t\t\t\t\t\t\t\t\t\t\t<figure class=\"wp-caption\">\n\t\t\t\t\t\t\t\t\t\t<img decoding=\"async\" src=\"https:\/\/sana-therapie.de\/wp-content\/uploads\/elementor\/thumbs\/070A6934-scaled-r71zgbrfcqhw1f1msnt975mxkly9zxhvdbldl3qs94.jpg\" title=\"070A6934\" alt=\"070A6934\" loading=\"lazy\" \/>\t\t\t\t\t\t\t\t\t\t\t<figcaption class=\"widget-image-caption wp-caption-text\">Eingang<\/figcaption>\n\t\t\t\t\t\t\t\t\t\t<\/figure>\n\t\t\t\t\t\t\t\t\t<\/div>\n\t\t\t\t<\/div>\n\t\t\t\t<div class=\"elementor-element elementor-element-e906ab0 elementor-widget elementor-widget-image\" data-id=\"e906ab0\" data-element_type=\"widget\" data-widget_type=\"image.default\">\n\t\t\t\t<div class=\"elementor-widget-container\">\n\t\t\t\t\t\t\t\t\t\t\t\t<figure class=\"wp-caption\">\n\t\t\t\t\t\t\t\t\t\t<img decoding=\"async\" src=\"https:\/\/sana-therapie.de\/wp-content\/uploads\/elementor\/thumbs\/image00030-scaled-r71z9gjvfb3h7z0pw6ydhe0pc9sqrj8grc0odbxbpk.jpg\" title=\"image00030\" alt=\"image00030\" loading=\"lazy\" \/>\t\t\t\t\t\t\t\t\t\t\t<figcaption class=\"widget-image-caption wp-caption-text\">Empfang<\/figcaption>\n\t\t\t\t\t\t\t\t\t\t<\/figure>\n\t\t\t\t\t\t\t\t\t<\/div>\n\t\t\t\t<\/div>\n\t\t\t\t<div class=\"elementor-element elementor-element-7bcb19a elementor-widget elementor-widget-image\" data-id=\"7bcb19a\" data-element_type=\"widget\" data-widget_type=\"image.default\">\n\t\t\t\t<div class=\"elementor-widget-container\">\n\t\t\t\t\t\t\t\t\t\t\t\t<figure class=\"wp-caption\">\n\t\t\t\t\t\t\t\t\t\t<img decoding=\"async\" src=\"https:\/\/sana-therapie.de\/wp-content\/uploads\/elementor\/thumbs\/image00025-scaled-r71z8xr3mmdqrrs0xytu3irhgkdehl5u0qyyrsp760.jpg\" title=\"image00025\" alt=\"image00025\" loading=\"lazy\" \/>\t\t\t\t\t\t\t\t\t\t\t<figcaption class=\"widget-image-caption wp-caption-text\">Wartebereich<\/figcaption>\n\t\t\t\t\t\t\t\t\t\t<\/figure>\n\t\t\t\t\t\t\t\t\t<\/div>\n\t\t\t\t<\/div>\n\t\t\t\t<div class=\"elementor-element elementor-element-014b38d elementor-widget elementor-widget-image\" data-id=\"014b38d\" data-element_type=\"widget\" data-widget_type=\"image.default\">\n\t\t\t\t<div class=\"elementor-widget-container\">\n\t\t\t\t\t\t\t\t\t\t\t\t<figure class=\"wp-caption\">\n\t\t\t\t\t\t\t\t\t\t<img decoding=\"async\" src=\"https:\/\/sana-therapie.de\/wp-content\/uploads\/elementor\/thumbs\/image00026-scaled-r71z91igdyiw27mkc0gcdhtbu3uvcdkrd9kwowjmh4.jpg\" title=\"image00026\" alt=\"image00026\" loading=\"lazy\" \/>\t\t\t\t\t\t\t\t\t\t\t<figcaption class=\"widget-image-caption wp-caption-text\"><\/figcaption>\n\t\t\t\t\t\t\t\t\t\t<\/figure>\n\t\t\t\t\t\t\t\t\t<\/div>\n\t\t\t\t<\/div>\n\t\t\t\t<div class=\"elementor-element elementor-element-31d9662 elementor-widget elementor-widget-image\" data-id=\"31d9662\" data-element_type=\"widget\" data-widget_type=\"image.default\">\n\t\t\t\t<div class=\"elementor-widget-container\">\n\t\t\t\t\t\t\t\t\t\t\t\t<figure class=\"wp-caption\">\n\t\t\t\t\t\t\t\t\t\t<img decoding=\"async\" src=\"https:\/\/sana-therapie.de\/wp-content\/uploads\/elementor\/thumbs\/image00020-scaled-r71zdz5y9na30igiin8tyqzg3xj8r6611ovoe787t4.jpg\" title=\"image00020\" alt=\"image00020\" loading=\"lazy\" \/>\t\t\t\t\t\t\t\t\t\t\t<figcaption class=\"widget-image-caption wp-caption-text\">Raum Dextra<\/figcaption>\n\t\t\t\t\t\t\t\t\t\t<\/figure>\n\t\t\t\t\t\t\t\t\t<\/div>\n\t\t\t\t<\/div>\n\t\t\t\t<div class=\"elementor-element elementor-element-15025f0 elementor-widget elementor-widget-image\" data-id=\"15025f0\" data-element_type=\"widget\" data-widget_type=\"image.default\">\n\t\t\t\t<div class=\"elementor-widget-container\">\n\t\t\t\t\t\t\t\t\t\t\t\t<figure class=\"wp-caption\">\n\t\t\t\t\t\t\t\t\t\t<img decoding=\"async\" src=\"https:\/\/sana-therapie.de\/wp-content\/uploads\/elementor\/thumbs\/image00008-scaled-r71z7w5k18y9vdan1ikrbs91p5ipxp0kjkvjkq8y2w.jpg\" title=\"image00008\" alt=\"image00008\" loading=\"lazy\" \/>\t\t\t\t\t\t\t\t\t\t\t<figcaption class=\"widget-image-caption wp-caption-text\">Raum Dextra<\/figcaption>\n\t\t\t\t\t\t\t\t\t\t<\/figure>\n\t\t\t\t\t\t\t\t\t<\/div>\n\t\t\t\t<\/div>\n\t\t\t\t<div class=\"elementor-element elementor-element-8c37083 elementor-widget elementor-widget-image\" data-id=\"8c37083\" data-element_type=\"widget\" data-widget_type=\"image.default\">\n\t\t\t\t<div class=\"elementor-widget-container\">\n\t\t\t\t\t\t\t\t\t\t\t\t<figure class=\"wp-caption\">\n\t\t\t\t\t\t\t\t\t\t<img decoding=\"async\" src=\"https:\/\/sana-therapie.de\/wp-content\/uploads\/elementor\/thumbs\/image00021-scaled-r71ze2xb0zf8ayb1wovc8q1ahh0plykye7hmbb2n48.jpg\" title=\"image00021\" alt=\"image00021\" loading=\"lazy\" \/>\t\t\t\t\t\t\t\t\t\t\t<figcaption class=\"widget-image-caption wp-caption-text\">Raum Sinister<\/figcaption>\n\t\t\t\t\t\t\t\t\t\t<\/figure>\n\t\t\t\t\t\t\t\t\t<\/div>\n\t\t\t\t<\/div>\n\t\t\t\t<div class=\"elementor-element elementor-element-21b4bdb elementor-widget elementor-widget-image\" data-id=\"21b4bdb\" data-element_type=\"widget\" data-widget_type=\"image.default\">\n\t\t\t\t<div class=\"elementor-widget-container\">\n\t\t\t\t\t\t\t\t\t\t\t\t<figure class=\"wp-caption\">\n\t\t\t\t\t\t\t\t\t\t<img decoding=\"async\" src=\"https:\/\/sana-therapie.de\/wp-content\/uploads\/elementor\/thumbs\/070A6881-scaled-r71z48k5gfy4pylsdxozmpgij7jc02i5dhjkdzo2a0.jpg\" title=\"070A6881\" alt=\"070A6881\" loading=\"lazy\" \/>\t\t\t\t\t\t\t\t\t\t\t<figcaption class=\"widget-image-caption wp-caption-text\">Raum Sinister<\/figcaption>\n\t\t\t\t\t\t\t\t\t\t<\/figure>\n\t\t\t\t\t\t\t\t\t<\/div>\n\t\t\t\t<\/div>\n\t\t\t\t<\/div>\n\t\t\t\t\t<\/div>\n\t\t\t\t<\/div>\n\t\t\t\t<\/div>\n\t\t","protected":false},"excerpt":{"rendered":"<p>Privat Praxis f\u00fcr ganzheitliche Therapie PhysiotherapieManuelle- und CraniosacraleTechniken aus derOsteopathie \u201eWeil Wohlbefinden dort beginnt, wo man sich gesehen, geh\u00f6rt und gehalten f\u00fchlt.\u201c Das sind wir &#8211; Julia und Charline Als eingespieltes Team schaffen wir Raum f\u00fcr Vertrauen, Ver\u00e4nderung und neue Leichtigkeit. Das ist unsere Praxis &#8211; ein Ort zum Wohlf\u00fchlen Eingang Empfang Wartebereich Raum Dextra [&hellip;]<\/p>\n","protected":false},"author":1,"featured_media":0,"parent":0,"menu_order":0,"comment_status":"closed","ping_status":"closed","template":"elementor_header_footer","meta":{"footnotes":""},"class_list":["post-10","page","type-page","status-publish","hentry"],"_links":{"self":[{"href":"https:\/\/sana-therapie.de\/index.php\/wp-json\/wp\/v2\/pages\/10","targetHints":{"allow":["GET"]}}],"collection":[{"href":"https:\/\/sana-therapie.de\/index.php\/wp-json\/wp\/v2\/pages"}],"about":[{"href":"https:\/\/sana-therapie.de\/index.php\/wp-json\/wp\/v2\/types\/page"}],"author":[{"embeddable":true,"href":"https:\/\/sana-therapie.de\/index.php\/wp-json\/wp\/v2\/users\/1"}],"replies":[{"embeddable":true,"href":"https:\/\/sana-therapie.de\/index.php\/wp-json\/wp\/v2\/comments?post=10"}],"version-history":[{"count":70,"href":"https:\/\/sana-therapie.de\/index.php\/wp-json\/wp\/v2\/pages\/10\/revisions"}],"predecessor-version":[{"id":351,"href":"https:\/\/sana-therapie.de\/index.php\/wp-json\/wp\/v2\/pages\/10\/revisions\/351"}],"wp:attachment":[{"href":"https:\/\/sana-therapie.de\/index.php\/wp-json\/wp\/v2\/media?parent=10"}],"curies":[{"name":"wp","href":"https:\/\/api.w.org\/{rel}","templated":true}]}}